{"id":299,"date":"2023-07-09T10:35:10","date_gmt":"2023-07-09T10:35:10","guid":{"rendered":"https:\/\/livingofit.com\/home\/"},"modified":"2025-06-10T10:32:00","modified_gmt":"2025-06-10T10:32:00","slug":"home","status":"publish","type":"page","link":"https:\/\/santiagotonelli.com\/es\/","title":{"rendered":"Home"},"content":{"rendered":"[vc_row type=&#8221;full_width_content&#8221; full_screen_row_position=&#8221;middle&#8221; column_margin=&#8221;default&#8221; column_direction=&#8221;default&#8221; column_direction_tablet=&#8221;default&#8221; column_direction_phone=&#8221;default&#8221; scene_position=&#8221;center&#8221; text_color=&#8221;dark&#8221; text_align=&#8221;left&#8221; row_border_radius=&#8221;none&#8221; row_border_radius_applies=&#8221;bg&#8221; overflow=&#8221;visible&#8221; overlay_strength=&#8221;0.3&#8243; gradient_direction=&#8221;left_to_right&#8221; shape_divider_position=&#8221;bottom&#8221; bg_image_animation=&#8221;none&#8221; shape_type=&#8221;&#8221;][vc_column column_padding=&#8221;no-extra-padding&#8221; column_padding_tablet=&#8221;inherit&#8221; column_padding_phone=&#8221;inherit&#8221; column_padding_position=&#8221;all&#8221; column_element_direction_desktop=&#8221;default&#8221; column_element_spacing=&#8221;default&#8221; desktop_text_alignment=&#8221;default&#8221; tablet_text_alignment=&#8221;default&#8221; phone_text_alignment=&#8221;default&#8221; background_color_opacity=&#8221;1&#8243; background_hover_color_opacity=&#8221;1&#8243; column_backdrop_filter=&#8221;none&#8221; column_shadow=&#8221;none&#8221; column_border_radius=&#8221;none&#8221; column_link_target=&#8221;_self&#8221; column_position=&#8221;default&#8221; gradient_direction=&#8221;left_to_right&#8221; overlay_strength=&#8221;0.3&#8243; width=&#8221;1\/1&#8243; tablet_width_inherit=&#8221;default&#8221; animation_type=&#8221;default&#8221; bg_image_animation=&#8221;none&#8221; border_type=&#8221;simple&#8221; column_border_width=&#8221;none&#8221; column_border_style=&#8221;solid&#8221;][recent_posts style=&#8221;multiple_large_featured&#8221; large_featured_padding=&#8221;14%&#8221; mlf_navigation_location=&#8221;side&#8221; button_color=&#8221;Accent-Color&#8221; bg_overlay=&#8221;solid_color&#8221; category=&#8221;all&#8221; multiple_large_featured_num=&#8221;3&#8243; order=&#8221;DESC&#8221; orderby=&#8221;date&#8221; auto_rotate=&#8221;8000&#8243; image_loading=&#8221;default&#8221;][\/vc_column][\/vc_row][vc_row type=&#8221;in_container&#8221; full_screen_row_position=&#8221;middle&#8221; column_margin=&#8221;default&#8221; column_direction=&#8221;default&#8221; column_direction_tablet=&#8221;default&#8221; column_direction_phone=&#8221;default&#8221; scene_position=&#8221;center&#8221; top_padding=&#8221;100px&#8221; text_color=&#8221;dark&#8221; text_align=&#8221;left&#8221; row_border_radius=&#8221;none&#8221; row_border_radius_applies=&#8221;bg&#8221; overflow=&#8221;visible&#8221; id=&#8221;blog&#8221; overlay_strength=&#8221;0.3&#8243; gradient_direction=&#8221;left_to_right&#8221; shape_divider_position=&#8221;bottom&#8221; bg_image_animation=&#8221;none&#8221; shape_type=&#8221;&#8221; gradient_type=&#8221;default&#8221;][vc_column column_padding=&#8221;no-extra-padding&#8221; column_padding_tablet=&#8221;inherit&#8221; column_padding_phone=&#8221;inherit&#8221; column_padding_position=&#8221;all&#8221; column_element_direction_desktop=&#8221;default&#8221; column_element_spacing=&#8221;default&#8221; desktop_text_alignment=&#8221;default&#8221; tablet_text_alignment=&#8221;default&#8221; phone_text_alignment=&#8221;default&#8221; background_color_opacity=&#8221;1&#8243; background_hover_color_opacity=&#8221;1&#8243; column_backdrop_filter=&#8221;none&#8221; column_shadow=&#8221;none&#8221; column_border_radius=&#8221;none&#8221; column_link_target=&#8221;_self&#8221; column_position=&#8221;default&#8221; gradient_direction=&#8221;left_to_right&#8221; overlay_strength=&#8221;0.3&#8243; width=&#8221;1\/1&#8243; tablet_width_inherit=&#8221;default&#8221; animation_type=&#8221;default&#8221; bg_image_animation=&#8221;none&#8221; border_type=&#8221;simple&#8221; column_border_width=&#8221;none&#8221; column_border_style=&#8221;solid&#8221;][nectar_blog layout=&#8221;std-blog-sidebar&#8221; blog_standard_style=&#8221;inherit&#8221; enable_ss=&#8221;true&#8221; load_in_animation=&#8221;perspective&#8221; category=&#8221;all&#8221; enable_pagination=&#8221;true&#8221; pagination_type=&#8221;default&#8221; order=&#8221;ASC&#8221; orderby=&#8221;date&#8221; blog_remove_post_date=&#8221;true&#8221; blog_remove_post_author=&#8221;true&#8221; blog_remove_post_comment_number=&#8221;true&#8221; posts_per_page=&#8221;4&#8243; post_offset=&#8221;0&#8243;][\/vc_column][\/vc_row]\n","protected":false},"excerpt":{"rendered":"<p>[vc_row type=&#8221;full_width_content&#8221; full_screen_row_position=&#8221;middle&#8221; column_margin=&#8221;default&#8221; column_direction=&#8221;default&#8221; column_direction_tablet=&#8221;default&#8221; column_direction_phone=&#8221;default&#8221; scene_position=&#8221;center&#8221; text_color=&#8221;dark&#8221; text_align=&#8221;left&#8221; row_border_radius=&#8221;none&#8221; row_border_radius_applies=&#8221;bg&#8221; overflow=&#8221;visible&#8221; overlay_strength=&#8221;0.3&#8243; gradient_direction=&#8221;left_to_right&#8221; shape_divider_position=&#8221;bottom&#8221; bg_image_animation=&#8221;none&#8221; shape_type=&#8221;&#8221;][vc_column column_padding=&#8221;no-extra-padding&#8221; column_padding_tablet=&#8221;inherit&#8221; column_padding_phone=&#8221;inherit&#8221; column_padding_position=&#8221;all&#8221; column_element_direction_desktop=&#8221;default&#8221; column_element_spacing=&#8221;default&#8221; desktop_text_alignment=&#8221;default&#8221; tablet_text_alignment=&#8221;default&#8221; phone_text_alignment=&#8221;default&#8221; background_color_opacity=&#8221;1&#8243; background_hover_color_opacity=&#8221;1&#8243; column_backdrop_filter=&#8221;none&#8221;&#8230;<\/p>\n","protected":false},"author":1,"featured_media":0,"parent":0,"menu_order":0,"comment_status":"closed","ping_status":"closed","template":"","meta":{"footnotes":""},"yoast_head":"<!-- This site is optimized with the Yoast SEO plugin v22.3 - https:\/\/yoast.com\/wordpress\/plugins\/seo\/ -->\n<title>Aprende Dise\u00f1o Web y Aumenta tus Ingresos - Living of IT<\/title>\n<meta name=\"description\" content=\"Aprender a dise\u00f1ar sitios en WordPress puede ser la forma m\u00e1s r\u00e1pida de impulsar tu carrera profesional. Consulta nuestros tutoriales gratuitos y soporte guiado.\" \/>\n<meta name=\"robots\" content=\"index, follow, max-snippet:-1, max-image-preview:large, max-video-preview:-1\" \/>\n<link rel=\"canonical\" href=\"https:\/\/santiagotonelli.com\/\" \/>\n<meta property=\"og:locale\" content=\"es_ES\" \/>\n<meta property=\"og:type\" content=\"article\" \/>\n<meta property=\"og:title\" content=\"Aprende Dise\u00f1o Web y Aumenta tus Ingresos - Living of IT\" \/>\n<meta property=\"og:description\" content=\"Aprender a dise\u00f1ar sitios en WordPress puede ser la forma m\u00e1s r\u00e1pida de impulsar tu carrera profesional. Consulta nuestros tutoriales gratuitos y soporte guiado.\" \/>\n<meta property=\"og:url\" content=\"https:\/\/santiagotonelli.com\/\" \/>\n<meta property=\"og:site_name\" content=\"Living of IT\" \/>\n<meta property=\"article:modified_time\" content=\"2025-06-10T10:32:00+00:00\" \/>\n<meta name=\"twitter:card\" content=\"summary_large_image\" \/>\n<meta name=\"twitter:label1\" content=\"Tiempo de lectura\" \/>\n\t<meta name=\"twitter:data1\" content=\"2 minutos\" \/>\n<script type=\"application\/ld+json\" class=\"yoast-schema-graph\">{\"@context\":\"https:\/\/schema.org\",\"@graph\":[{\"@type\":\"WebPage\",\"@id\":\"https:\/\/santiagotonelli.com\/\",\"url\":\"https:\/\/santiagotonelli.com\/\",\"name\":\"Aprende Dise\u00f1o Web y Aumenta tus Ingresos - Living of IT\",\"isPartOf\":{\"@id\":\"https:\/\/santiagotonelli.com\/#website\"},\"datePublished\":\"2023-07-09T10:35:10+00:00\",\"dateModified\":\"2025-06-10T10:32:00+00:00\",\"description\":\"Aprender a dise\u00f1ar sitios en WordPress puede ser la forma m\u00e1s r\u00e1pida de impulsar tu carrera profesional. Consulta nuestros tutoriales gratuitos y soporte guiado.\",\"breadcrumb\":{\"@id\":\"https:\/\/santiagotonelli.com\/#breadcrumb\"},\"inLanguage\":\"es\",\"potentialAction\":[{\"@type\":\"ReadAction\",\"target\":[\"https:\/\/santiagotonelli.com\/\"]}]},{\"@type\":\"BreadcrumbList\",\"@id\":\"https:\/\/santiagotonelli.com\/#breadcrumb\",\"itemListElement\":[{\"@type\":\"ListItem\",\"position\":1,\"name\":\"Home\",\"item\":\"https:\/\/santiagotonelli.com\/\"},{\"@type\":\"ListItem\",\"position\":2,\"name\":\"Home\"}]},{\"@type\":\"WebSite\",\"@id\":\"https:\/\/santiagotonelli.com\/#website\",\"url\":\"https:\/\/santiagotonelli.com\/\",\"name\":\"Living of IT\",\"description\":\"Learn How to Create and Sell Websites ASAP!\",\"publisher\":{\"@id\":\"https:\/\/santiagotonelli.com\/#organization\"},\"potentialAction\":[{\"@type\":\"SearchAction\",\"target\":{\"@type\":\"EntryPoint\",\"urlTemplate\":\"https:\/\/santiagotonelli.com\/?s={search_term_string}\"},\"query-input\":\"required name=search_term_string\"}],\"inLanguage\":\"es\"},{\"@type\":\"Organization\",\"@id\":\"https:\/\/santiagotonelli.com\/#organization\",\"name\":\"Living of IT\",\"url\":\"https:\/\/santiagotonelli.com\/\",\"logo\":{\"@type\":\"ImageObject\",\"inLanguage\":\"es\",\"@id\":\"https:\/\/santiagotonelli.com\/#\/schema\/logo\/image\/\",\"url\":\"https:\/\/livingofit.com\/wp-content\/uploads\/2023\/07\/logo-living-of-it-wordpress-themes-1.png\",\"contentUrl\":\"https:\/\/livingofit.com\/wp-content\/uploads\/2023\/07\/logo-living-of-it-wordpress-themes-1.png\",\"width\":608,\"height\":117,\"caption\":\"Living of IT\"},\"image\":{\"@id\":\"https:\/\/santiagotonelli.com\/#\/schema\/logo\/image\/\"}}]}<\/script>\n<!-- \/ Yoast SEO plugin. -->","yoast_head_json":{"title":"Aprende Dise\u00f1o Web y Aumenta tus Ingresos - Living of IT","description":"Aprender a dise\u00f1ar sitios en WordPress puede ser la forma m\u00e1s r\u00e1pida de impulsar tu carrera profesional. Consulta nuestros tutoriales gratuitos y soporte guiado.","robots":{"index":"index","follow":"follow","max-snippet":"max-snippet:-1","max-image-preview":"max-image-preview:large","max-video-preview":"max-video-preview:-1"},"canonical":"https:\/\/santiagotonelli.com\/","og_locale":"es_ES","og_type":"article","og_title":"Aprende Dise\u00f1o Web y Aumenta tus Ingresos - Living of IT","og_description":"Aprender a dise\u00f1ar sitios en WordPress puede ser la forma m\u00e1s r\u00e1pida de impulsar tu carrera profesional. Consulta nuestros tutoriales gratuitos y soporte guiado.","og_url":"https:\/\/santiagotonelli.com\/","og_site_name":"Living of IT","article_modified_time":"2025-06-10T10:32:00+00:00","twitter_card":"summary_large_image","twitter_misc":{"Tiempo de lectura":"2 minutos"},"schema":{"@context":"https:\/\/schema.org","@graph":[{"@type":"WebPage","@id":"https:\/\/santiagotonelli.com\/","url":"https:\/\/santiagotonelli.com\/","name":"Aprende Dise\u00f1o Web y Aumenta tus Ingresos - Living of IT","isPartOf":{"@id":"https:\/\/santiagotonelli.com\/#website"},"datePublished":"2023-07-09T10:35:10+00:00","dateModified":"2025-06-10T10:32:00+00:00","description":"Aprender a dise\u00f1ar sitios en WordPress puede ser la forma m\u00e1s r\u00e1pida de impulsar tu carrera profesional. Consulta nuestros tutoriales gratuitos y soporte guiado.","breadcrumb":{"@id":"https:\/\/santiagotonelli.com\/#breadcrumb"},"inLanguage":"es","potentialAction":[{"@type":"ReadAction","target":["https:\/\/santiagotonelli.com\/"]}]},{"@type":"BreadcrumbList","@id":"https:\/\/santiagotonelli.com\/#breadcrumb","itemListElement":[{"@type":"ListItem","position":1,"name":"Home","item":"https:\/\/santiagotonelli.com\/"},{"@type":"ListItem","position":2,"name":"Home"}]},{"@type":"WebSite","@id":"https:\/\/santiagotonelli.com\/#website","url":"https:\/\/santiagotonelli.com\/","name":"Living of IT","description":"Learn How to Create and Sell Websites ASAP!","publisher":{"@id":"https:\/\/santiagotonelli.com\/#organization"},"potentialAction":[{"@type":"SearchAction","target":{"@type":"EntryPoint","urlTemplate":"https:\/\/santiagotonelli.com\/?s={search_term_string}"},"query-input":"required name=search_term_string"}],"inLanguage":"es"},{"@type":"Organization","@id":"https:\/\/santiagotonelli.com\/#organization","name":"Living of IT","url":"https:\/\/santiagotonelli.com\/","logo":{"@type":"ImageObject","inLanguage":"es","@id":"https:\/\/santiagotonelli.com\/#\/schema\/logo\/image\/","url":"https:\/\/livingofit.com\/wp-content\/uploads\/2023\/07\/logo-living-of-it-wordpress-themes-1.png","contentUrl":"https:\/\/livingofit.com\/wp-content\/uploads\/2023\/07\/logo-living-of-it-wordpress-themes-1.png","width":608,"height":117,"caption":"Living of IT"},"image":{"@id":"https:\/\/santiagotonelli.com\/#\/schema\/logo\/image\/"}}]}},"_links":{"self":[{"href":"https:\/\/santiagotonelli.com\/es\/wp-json\/wp\/v2\/pages\/299"}],"collection":[{"href":"https:\/\/santiagotonelli.com\/es\/wp-json\/wp\/v2\/pages"}],"about":[{"href":"https:\/\/santiagotonelli.com\/es\/wp-json\/wp\/v2\/types\/page"}],"author":[{"embeddable":true,"href":"https:\/\/santiagotonelli.com\/es\/wp-json\/wp\/v2\/users\/1"}],"replies":[{"embeddable":true,"href":"https:\/\/santiagotonelli.com\/es\/wp-json\/wp\/v2\/comments?post=299"}],"version-history":[{"count":3,"href":"https:\/\/santiagotonelli.com\/es\/wp-json\/wp\/v2\/pages\/299\/revisions"}],"predecessor-version":[{"id":547,"href":"https:\/\/santiagotonelli.com\/es\/wp-json\/wp\/v2\/pages\/299\/revisions\/547"}],"wp:attachment":[{"href":"https:\/\/santiagotonelli.com\/es\/wp-json\/wp\/v2\/media?parent=299"}],"curies":[{"name":"wp","href":"https:\/\/api.w.org\/{rel}","templated":true}]}}